{"id":388,"date":"2022-03-12T08:07:48","date_gmt":"2022-03-12T08:07:48","guid":{"rendered":"https:\/\/demo.creativethemes.com\/stagingfive\/?page_id=388"},"modified":"2023-05-02T10:34:33","modified_gmt":"2023-05-02T10:34:33","slug":"melonta","status":"publish","type":"page","link":"https:\/\/www.oravareitti.fi\/en\/melonta\/","title":{"rendered":"Canoeing"},"content":{"rendered":"<div class=\"wp-block-stackable-columns alignfull stk-block-columns stk-block stk-cf247fd stk-block-background stk--has-background-overlay\" data-block-id=\"cf247fd\"><style>.stk-cf247fd{background-color:var(--theme-palette-color-5,#EBEBEB) !important;background-image:url(http:\/\/www.oravareitti.fi\/wp-content\/uploads\/2023\/04\/melontareitti-juva-sulkava.jpg) !important;background-position:top center !important;padding-top:310px !important;padding-right:35px !important;padding-bottom:180px !important;padding-left:35px !important;margin-bottom:0px !important}.stk-cf247fd:before{background-color:var(--theme-palette-color-5,#EBEBEB) !important;opacity:0 !important}@media screen and (max-width:999px){.stk-cf247fd{padding-top:210px !important;padding-bottom:140px !important}}<\/style><div class=\"stk-row stk-inner-blocks has-text-align-center stk-block-content stk-content-align stk-cf247fd-column alignfull\">\n<div class=\"wp-block-stackable-column stk-block-column stk-block-column--v3 stk-column stk-block-column--v2 stk-block stk-b6c84eb\" data-block-id=\"b6c84eb\"><style>.stk-b6c84eb-container{margin-top:0px !important;margin-right:0px !important;margin-bottom:0px !important;margin-left:0px !important}@media screen and (max-width:689px){.stk-b6c84eb-container{margin-top:0px !important;margin-right:0px !important;margin-bottom:0px !important;margin-left:0px !important}}<\/style><div class=\"stk-column-wrapper stk-block-column__content stk-container stk-b6c84eb-container stk--no-background stk--no-padding\"><div class=\"stk-block-content stk-inner-blocks stk-b6c84eb-inner-blocks\"><\/div><\/div><\/div>\n\n\n\n<div class=\"wp-block-stackable-column stk-block-column stk-block-column--v3 stk-column stk-block-column--v2 stk-block stk-8dca923\" data-block-id=\"8dca923\"><style>.stk-8dca923-container{margin-top:0px !important;margin-right:0px !important;margin-bottom:0px !important;margin-left:0px !important}@media screen and (max-width:689px){.stk-8dca923-container{margin-top:0px !important;margin-right:0px !important;margin-bottom:0px !important;margin-left:0px !important}}<\/style><div class=\"stk-column-wrapper stk-block-column__content stk-container stk-8dca923-container stk--no-background stk--no-padding\"><div class=\"stk-block-content stk-inner-blocks stk-8dca923-inner-blocks\">\n<div class=\"wp-block-stackable-heading stk-block-heading stk-block-heading--v2 stk-block stk-08e56b0\" id=\"oravareitti-on-jokaiselle-sopiva-melontareitti\" data-block-id=\"08e56b0\"><style>.stk-08e56b0 .stk-block-heading__text{text-shadow:-3px 3px 7px rgba(10,5,0,0.9) !important;font-size:50px !important;color:var(--theme-palette-color-8,#ffffff) !important}@media screen and (max-width:999px){.stk-08e56b0 .stk-block-heading__text{font-size:40px !important}}@media screen and (max-width:689px){.stk-08e56b0 .stk-block-heading__text{font-size:30px !important}}<\/style><h2 class=\"stk-block-heading__text has-text-color\">The Squirrel Route, a canoeing route is suitable for everyone<\/h2><\/div>\n\n\n\n<div class=\"wp-block-stackable-heading stk-block-heading stk-block-heading--v2 stk-block stk-6098f5c\" id=\"suomen-ensimmainen-biologisesti-tutkittu-maastoon-merkitty-vesiluontopolku\" data-block-id=\"6098f5c\"><style>.stk-6098f5c .stk-block-heading__text{text-shadow:-3px -3px 4px rgba(10,5,0,0.6) !important;color:var(--theme-palette-color-8,#ffffff) !important}@media screen and (max-width:689px){.stk-6098f5c .stk-block-heading__text{font-size:24px !important}}<\/style><h3 class=\"stk-block-heading__text has-text-color\">The first biologically studied Finnish aquatic nature trail marked with information boards.<\/h3><\/div>\n<\/div><\/div><\/div>\n<\/div><\/div>\n\n\n\n<div class=\"wp-block-stackable-spacer stk-block-spacer stk--no-padding stk-block stk-6090630\" data-block-id=\"6090630\"><style>.stk-6090630{height:50px !important}@media screen and (max-width:999px){.stk-6090630{height:90px !important}}<\/style><\/div>\n\n\n\n<div class=\"wp-block-stackable-columns stk-block-columns stk-block stk-c4c5927\" data-block-id=\"c4c5927\"><style>.stk-c4c5927 .stk--block-align-c4c5927{align-items:center !important}.stk-c4c5927{margin-bottom:0px !important}.stk-c4c5927-column{--stk-column-gap:35px !important;row-gap:60px !important}<\/style><div class=\"stk-row stk-inner-blocks has-text-align-center-tablet stk--block-align-c4c5927 stk-block-content stk-content-align stk-c4c5927-column\">\n<div class=\"wp-block-stackable-column stk-block-column stk-block-column--v3 stk-column stk-block-column--v2 stk-block stk-aaf56fc\" data-block-id=\"aaf56fc\"><style>.stk-aaf56fc-container{margin-top:0px !important;margin-right:0px !important;margin-bottom:0px !important;margin-left:0px !important}@media screen and (min-width:690px){.stk-aaf56fc{flex:1 1 calc(33.9% - var(--stk-column-gap,0px) * 1 \/ 2 ) !important}}@media screen and (min-width:690px) and (max-width:999px){.stk-aaf56fc{flex:0 1 calc(100% - var(--stk-column-gap,0px) * 0 \/ 1 ) !important}}@media screen and (max-width:689px){.stk-aaf56fc{flex:0 1 calc(100% - var(--stk-column-gap,0px) * 1 \/ 2 ) !important}}<\/style><div class=\"stk-column-wrapper stk-block-column__content stk-container stk-aaf56fc-container stk--no-background stk--no-padding\"><div class=\"stk-block-content stk-inner-blocks stk-aaf56fc-inner-blocks\">\n<div class=\"wp-block-stackable-image stk-block-image stk-block stk-ef84e36\" data-block-id=\"ef84e36\"><figure class=\"stk-img-wrapper stk-image--shape-stretch\"><img loading=\"lazy\" decoding=\"async\" class=\"stk-img wp-image-745\" src=\"http:\/\/www.oravareitti.fi\/wp-content\/uploads\/2023\/04\/pystykuva-melonnasta.jpg\" width=\"1067\" height=\"1600\" srcset=\"https:\/\/www.oravareitti.fi\/wp-content\/uploads\/2023\/04\/pystykuva-melonnasta.jpg 1067w, https:\/\/www.oravareitti.fi\/wp-content\/uploads\/2023\/04\/pystykuva-melonnasta-200x300.jpg 200w, https:\/\/www.oravareitti.fi\/wp-content\/uploads\/2023\/04\/pystykuva-melonnasta-683x1024.jpg 683w, https:\/\/www.oravareitti.fi\/wp-content\/uploads\/2023\/04\/pystykuva-melonnasta-768x1152.jpg 768w, https:\/\/www.oravareitti.fi\/wp-content\/uploads\/2023\/04\/pystykuva-melonnasta-1024x1536.jpg 1024w\" sizes=\"auto, (max-width: 1067px) 100vw, 1067px\" \/><\/figure><\/div>\n<\/div><\/div><\/div>\n\n\n\n<div class=\"wp-block-stackable-column stk-block-column stk-block-column--v3 stk-column stk-block-column--v2 stk-block stk-adc88c6\" data-block-id=\"adc88c6\"><style>.stk-adc88c6{padding-right:30px !important;padding-left:30px !important}.stk-adc88c6-container{margin-top:0px !important;margin-right:0px !important;margin-bottom:0px !important;margin-left:0px !important}@media screen and (min-width:690px){.stk-adc88c6{flex:1 1 calc(66.1% - var(--stk-column-gap,0px) * 1 \/ 2 ) !important}}@media screen and (min-width:690px) and (max-width:999px){.stk-adc88c6{flex:0 1 calc(100% - var(--stk-column-gap,0px) * 0 \/ 1 ) !important}}@media screen and (max-width:999px){.stk-adc88c6{padding-top:0px !important;padding-right:0px !important;padding-bottom:0px !important;padding-left:0px !important}}<\/style><div class=\"stk-column-wrapper stk-block-column__content stk-container stk-adc88c6-container stk--no-background stk--no-padding\"><div class=\"stk-block-content stk-inner-blocks stk-adc88c6-inner-blocks\">\n<div class=\"wp-block-stackable-heading stk-block-heading stk-block-heading--v2 stk-block stk-474cdea\" id=\"kokemisen-ja-oppimisen-riemua-vetten-paalla\" data-block-id=\"474cdea\"><style>.stk-474cdea{margin-bottom:20px !important}.stk-474cdea .stk-block-heading__text{line-height:1.2em !important}<\/style><h2 class=\"stk-block-heading__text stk-block-heading--use-theme-margins\">Experience the gorgeous Finnish lakeside nature<\/h2><\/div>\n\n\n\n<p>Along the route are 21 checkpoints that are visible to the canoe by hand and describing the natural area. On the way there are a wide variety of lakes, rivers and rapids. The landscape varies from lush minimalistic tracks.<\/p>\n\n\n\n<p>The total length of the route is 57 kilometres and the difference in elevation is 24 metres. The route can only be canoed in one direction. \nEquipment hire providers also arrange transport for paddlers. <\/p>\n\n\n\n<p>The water condition of the route is best in early summer in May-June and at the end of the summer when the water level is high.\nWe are happy to help and tell more information. Please <a href=\"http:\/\/www.oravareitti.fi\/en\/info\/yhteystiedot\/\" data-type=\"page\" data-id=\"349\">contact us!<\/a><\/p>\n\n\n\n<p><!--Juva - Sulkava caoeing route &amp; Aquatic nature trail the Squirrel Route (Oravareitti) is a 57 kilometers long canoeing route which runs between Juva and Sulkava. --><\/p>\n\n\n\n<div class=\"wp-block-stackable-button-group stk-block-button-group stk-block stk-9c3e26e\" data-block-id=\"9c3e26e\"><div class=\"stk-row stk-inner-blocks stk-block-content stk-button-group\">\n<div class=\"wp-block-stackable-button stk-block-button stk-block stk-5f51575\" data-block-id=\"5f51575\"><style>.stk-5f51575 .stk-button{padding-top:15px !important;padding-right:40px !important;padding-bottom:15px !important;padding-left:40px !important;background:var(--theme-palette-color-4,#0a0500) !important;border-radius:3px !important}.stk-5f51575 .stk-button__inner-text{font-size:1.15em !important;color:var(--theme-palette-color-8,#ffffff) !important}@media screen and (max-width:999px){.stk-5f51575 .stk-button__inner-text{font-size:1.15em !important}}<\/style><a class=\"stk-link stk-button stk--hover-effect-darken\" href=\"http:\/\/www.oravareitti.fi\/en\/melonta\/reittikartta\/\"><span class=\"has-text-color has-palette-color-8-color stk-button__inner-text\">Route Map<\/span><\/a><\/div>\n<\/div><\/div>\n<\/div><\/div><\/div>\n<\/div><\/div>\n\n\n\n<div style=\"height:71px\" aria-hidden=\"true\" class=\"wp-block-spacer\"><\/div>\n\n\n\n<div class=\"wp-block-stackable-icon-label stk-block-icon-label stk-block stk-4a878e9\" data-block-id=\"4a878e9\"><div class=\"stk-row stk-inner-blocks stk-block-content\">\n<div class=\"wp-block-stackable-icon stk-block-icon has-text-align-left stk-block stk-72ec0e1\" data-block-id=\"72ec0e1\"><\/div>\n<\/div><\/div>\n\n\n\n<div class=\"wp-block-stackable-heading stk-block-heading stk-block-heading--v2 stk-block stk-caec7ed\" id=\"siirry-nuolivalikosta-juvan-ja-sulkavan-kohteiden-valilla-lt\" data-block-id=\"caec7ed\"><h4 class=\"stk-block-heading__text\">Use the arrow to navigate between sites in Juva and Sulkava<\/h4><\/div>\n\n\n\n<iframe loading=\"lazy\" src=\"https:\/\/citynomadi.com\/embed\/route\/021286349f43dd68238910fd9d99ff6c\" allow=\"geolocation\" frameborder=\"0\" width=\"1200\" height=\"800\"><p>Your browser does not support iframes.<\/p><\/iframe>","protected":false},"excerpt":{"rendered":"<p>Oravareitti on jokaiselle sopiva melontareitti Suomen ensimm\u00e4inen biologisesti tutkittu, maastoon merkitty vesiluontopolku. Kokemisen ja oppimisen riemua vetten p\u00e4\u00e4ll\u00e4 Reitin varrelta l\u00f6ytyy 21 opastaulua, jotka ovat n\u00e4ht\u00e4viss\u00e4 kanootista k\u00e4sin ja jotka kertovat alueen luonnosta. Matkalla on monenlaisia j\u00e4rvi\u00e4, jokia ja koskia. Luonto vaihtelee rehev\u00e4st\u00e4 karumpaan. Reitin&nbsp;pituus on noin 57 km. Oravareitin korkeusero on 24m, joten sen [&hellip;]<\/p>\n","protected":false},"author":2,"featured_media":674,"parent":0,"menu_order":2,"comment_status":"closed","ping_status":"closed","template":"","meta":{"footnotes":""},"class_list":["post-388","page","type-page","status-publish","has-post-thumbnail","hentry"],"blocksy_meta":{"page_title_panel":"","has_hero_section":"disabled","b5eab4b45fc993c35f414f196001c1b3":"","hero_section":"type-1","hero_elements":[{"id":"custom_title","enabled":true,"heading_tag":"h1","title":"Home"},{"id":"custom_description","enabled":true,"description_visibility":{"desktop":true,"tablet":true,"mobile":false}},{"id":"custom_meta","enabled":false,"meta_elements":[{"id":"author","enabled":true,"label":"By","has_author_avatar":"yes","avatar_size":25},{"id":"post_date","enabled":true,"label":"On","date_format_source":"default","date_format":"M j, Y"},{"id":"updated_date","enabled":false,"label":"On","date_format_source":"default","date_format":"M j, Y"},{"id":"categories","enabled":false,"label":"In","style":"simple"},{"id":"comments","enabled":true}],"page_meta_elements":{"joined":true,"articles_count":true,"comments":true}},{"id":"breadcrumbs","enabled":false}],"76f4d01deefcea6e36539ad1e0b44d7b":"","hero_alignment1":"CT_CSS_SKIP_RULE","hero_margin":40,"hero_alignment2":"center","hero_vertical_alignment":"center","0949b4a7e32105b1f86c9539ab4f63fe":"","hero_structure":"narrow","8b5cdd064d547fd8f2f567b9e5031f2c":"","page_title_bg_type":"featured_image","custom_hero_background":{"attachment_id":null},"parallax":{"desktop":false,"tablet":false,"mobile":false},"b8535cf0316ce12df016fa4a68ddf005":"","hero_height":"250px","pageTitleFont":{"family":"Default","variation":"Default","size":"30px","line-height":"CT_CSS_SKIP_RULE","letter-spacing":"CT_CSS_SKIP_RULE","text-transform":"CT_CSS_SKIP_RULE","text-decoration":"CT_CSS_SKIP_RULE"},"pageTitleFontColor":{"default":{"color":"CT_CSS_SKIP_RULEDEFAULT"}},"pageMetaFont":{"family":"Default","variation":"n6","size":"12px","line-height":"1.3","letter-spacing":"CT_CSS_SKIP_RULE","text-transform":"uppercase","text-decoration":"CT_CSS_SKIP_RULE"},"pageMetaFontColor":{"default":{"color":"CT_CSS_SKIP_RULEDEFAULT"},"hover":{"color":"CT_CSS_SKIP_RULEDEFAULT"}},"page_meta_button_type_font_colors":{"default":{"color":"CT_CSS_SKIP_RULEDEFAULT"},"hover":{"color":"CT_CSS_SKIP_RULEDEFAULT"}},"page_meta_button_type_background_colors":{"default":{"color":"CT_CSS_SKIP_RULEDEFAULT"},"hover":{"color":"CT_CSS_SKIP_RULEDEFAULT"}},"pageExcerptFont":{"family":"Default","variation":"Default","size":"CT_CSS_SKIP_RULE","line-height":"CT_CSS_SKIP_RULE","letter-spacing":"CT_CSS_SKIP_RULE","text-transform":"CT_CSS_SKIP_RULE","text-decoration":"CT_CSS_SKIP_RULE"},"pageExcerptColor":{"default":{"color":"CT_CSS_SKIP_RULEDEFAULT"}},"breadcrumbsFont":{"family":"Default","variation":"Default","size":"CT_CSS_SKIP_RULE","line-height":"CT_CSS_SKIP_RULE","letter-spacing":"CT_CSS_SKIP_RULE","text-transform":"CT_CSS_SKIP_RULE","text-decoration":"CT_CSS_SKIP_RULE"},"breadcrumbsFontColor":{"default":{"color":"CT_CSS_SKIP_RULEDEFAULT"},"initial":{"color":"CT_CSS_SKIP_RULEDEFAULT"},"hover":{"color":"CT_CSS_SKIP_RULEDEFAULT"}},"pageTitleOverlay":{"background_type":"color","background_pattern":"type-1","background_image":{"attachment_id":null,"x":0,"y":0},"gradient":"linear-gradient(135deg,rgba(6,147,227,1) 0%,rgb(155,81,224) 100%)","background_repeat":"repeat","background_size":"auto","background_attachment":"scroll","patternColor":{"default":{"color":"#e5e7ea"}},"overlayColor":{"default":{"color":"CT_CSS_SKIP_RULE"}},"backgroundColor":{"default":{"color":"CT_CSS_SKIP_RULE"}}},"pageTitleBackground":{"background_type":"color","background_pattern":"type-1","background_image":{"attachment_id":null,"x":0,"y":0},"gradient":"linear-gradient(135deg,rgba(6,147,227,1) 0%,rgb(155,81,224) 100%)","background_repeat":"repeat","background_size":"auto","background_attachment":"scroll","patternColor":{"default":{"color":"#e5e7ea"}},"overlayColor":{"default":{"color":"CT_CSS_SKIP_RULE"}},"backgroundColor":{"default":{"color":"var(--theme-palette-color-6)"}}},"pageTitlePadding":{"top":"50px","bottom":"50px","left":"auto","right":"auto","linked":true},"eba25506a86953c395b61aeb80c3ca2d":"","page_structure_type":"default","653fd0425713646e5318053e5570eeb1":"","content_style_source":"inherit","content_style":"wide","vertical_spacing_source":"custom","content_area_spacing":"none","background":{"background_type":"color","background_pattern":"type-1","background_image":{"attachment_id":null,"x":0,"y":0},"gradient":"linear-gradient(135deg,rgba(6,147,227,1) 0%,rgb(155,81,224) 100%)","background_repeat":"repeat","background_size":"auto","background_attachment":"scroll","patternColor":{"default":{"color":"#e5e7ea"}},"overlayColor":{"default":{"color":"CT_CSS_SKIP_RULE"}},"backgroundColor":{"default":{"color":"CT_CSS_SKIP_RULE"}}},"content_background":{"background_type":"color","background_pattern":"type-1","background_image":{"attachment_id":null,"x":0,"y":0},"gradient":"linear-gradient(135deg,rgba(6,147,227,1) 0%,rgb(155,81,224) 100%)","background_repeat":"repeat","background_size":"auto","background_attachment":"scroll","patternColor":{"default":{"color":"#e5e7ea"}},"overlayColor":{"default":{"color":"CT_CSS_SKIP_RULE"}},"backgroundColor":{"default":{"color":"var(--theme-palette-color-8)"}}},"content_boxed_shadow":{"inherit":false,"blur":18,"spread":-6,"v_offset":12,"h_offset":0,"inset":false,"enable":true,"color":{"color":"rgba(34, 56, 101, 0.04)"}},"boxed_content_spacing":{"desktop":{"top":"40px","bottom":"40px","left":"40px","right":"40px","linked":true},"tablet":{"top":"35px","bottom":"35px","left":"35px","right":"35px","linked":true},"mobile":{"top":"20px","bottom":"20px","left":"20px","right":"20px","linked":true}},"content_boxed_radius":{"top":"3px","bottom":"3px","left":"3px","right":"3px","linked":true},"7992791a59a9cb710c125115fbd410b3":"","disable_featured_image":"no","disable_share_box":"no","disable_header":"no","disable_footer":"no","styles_descriptor":{"styles":{"desktop":"","tablet":"","mobile":""},"google_fonts":[],"version":6}},"_links":{"self":[{"href":"https:\/\/www.oravareitti.fi\/en\/wp-json\/wp\/v2\/pages\/388","targetHints":{"allow":["GET"]}}],"collection":[{"href":"https:\/\/www.oravareitti.fi\/en\/wp-json\/wp\/v2\/pages"}],"about":[{"href":"https:\/\/www.oravareitti.fi\/en\/wp-json\/wp\/v2\/types\/page"}],"author":[{"embeddable":true,"href":"https:\/\/www.oravareitti.fi\/en\/wp-json\/wp\/v2\/users\/2"}],"replies":[{"embeddable":true,"href":"https:\/\/www.oravareitti.fi\/en\/wp-json\/wp\/v2\/comments?post=388"}],"version-history":[{"count":25,"href":"https:\/\/www.oravareitti.fi\/en\/wp-json\/wp\/v2\/pages\/388\/revisions"}],"predecessor-version":[{"id":1250,"href":"https:\/\/www.oravareitti.fi\/en\/wp-json\/wp\/v2\/pages\/388\/revisions\/1250"}],"wp:featuredmedia":[{"embeddable":true,"href":"https:\/\/www.oravareitti.fi\/en\/wp-json\/wp\/v2\/media\/674"}],"wp:attachment":[{"href":"https:\/\/www.oravareitti.fi\/en\/wp-json\/wp\/v2\/media?parent=388"}],"curies":[{"name":"wp","href":"https:\/\/api.w.org\/{rel}","templated":true}]}}