{"id":750,"date":"2023-04-05T10:22:23","date_gmt":"2023-04-05T10:22:23","guid":{"rendered":"http:\/\/www.oravareitti.fi\/?page_id=750"},"modified":"2025-06-12T08:50:02","modified_gmt":"2025-06-12T08:50:02","slug":"pyoraily","status":"publish","type":"page","link":"https:\/\/www.oravareitti.fi\/en\/pyoraily\/","title":{"rendered":"Cycling"},"content":{"rendered":"<div class=\"wp-block-stackable-columns alignfull stk-block-columns stk-block stk-cf247fd stk-block-background stk--has-background-overlay\" data-block-id=\"cf247fd\"><style>.stk-cf247fd {background-color:var(u002du002dtheme-palette-color-5, #EBEBEB) !important;background-image:url(http:\/\/www.oravareitti.fi\/wp-content\/uploads\/2023\/04\/pyoraily-headeria.jpg) !important;background-position:center center !important;padding-top:310px !important;padding-right:35px !important;padding-bottom:180px !important;padding-left:35px !important;margin-bottom:0px !important;}.stk-cf247fd:before{background-color:var(u002du002dtheme-palette-color-5, #EBEBEB) !important;opacity:0 !important;}@media screen and (max-width:999px){.stk-cf247fd {padding-top:210px !important;padding-bottom:140px !important;}}<\/style><div class=\"stk-row stk-inner-blocks has-text-align-center stk-block-content stk-content-align stk-cf247fd-column\">\n<div class=\"wp-block-stackable-column stk-block-column stk-column stk-block stk-1d93b9f\" data-v=\"4\" data-block-id=\"1d93b9f\"><style>.stk-1d93b9f-container{margin-top:0px !important;margin-right:0px !important;margin-bottom:0px !important;margin-left:0px !important;}<\/style><div class=\"stk-column-wrapper stk-block-column__content stk-container stk-1d93b9f-container stk--no-background stk--no-padding\"><div class=\"stk-block-content stk-inner-blocks stk-1d93b9f-inner-blocks\">\n<div class=\"wp-block-stackable-heading stk-block-heading stk-block-heading--v2 stk-block stk-436ce8b\" id=\"juva-sulkava-pyoraily-shy-reitti\" data-block-id=\"436ce8b\"><style>.stk-436ce8b {margin-bottom:20px !important;}.stk-436ce8b .stk-block-heading__text{text-shadow:2px 4px 12px #0a0500ff !important;font-size:70px !important;color:var(u002du002dtheme-palette-color-8, #ffffff) !important;line-height:1em !important;font-weight:800 !important;}@media screen and (max-width:999px){.stk-436ce8b .stk-block-heading__text{font-size:50px !important;}}<\/style><h2 class=\"stk-block-heading__text has-text-color has-palette-color-8-color\">Juva-Sulkava py\u00f6r\u00e4ily\u00adreitti<\/h2><\/div>\n\n\n\n<div class=\"wp-block-stackable-heading stk-block-heading stk-block-heading--v2 stk-block stk-ad51fb0\" id=\"uutuus-46-km-pituinen-keskivaativa-reitti\" data-block-id=\"ad51fb0\"><style>.stk-ad51fb0 {max-width:59% !important;min-width:auto !important;margin-right:auto !important;margin-left:auto !important;}.stk-ad51fb0 .stk-block-heading__text{text-shadow:2px 2px 4px #0a050033 !important;color:var(u002du002dtheme-palette-color-8, #ffffff) !important;}@media screen and (max-width:999px){.stk-ad51fb0 {max-width:100% !important;min-width:auto !important;}}<\/style><h3 class=\"stk-block-heading__text has-text-color has-palette-color-8-color\">NEW! 46 km trail (difficulty: medium)<\/h3><\/div>\n<\/div><\/div><\/div>\n<\/div><\/div>\n\n\n\n<div class=\"wp-block-stackable-spacer stk-block-spacer stk--no-padding stk-block stk-6090630\" data-block-id=\"6090630\"><style>.stk-6090630 {height:50px !important;}@media screen and (max-width:999px){.stk-6090630 {height:90px !important;}}<\/style><\/div>\n\n\n\n<div class=\"wp-block-stackable-columns stk-block-columns stk-block stk-c4c5927\" data-block-id=\"c4c5927\"><style>.stk-c4c5927 .stk--block-align-c4c5927{align-items:flex-start !important;}.stk-c4c5927 {margin-bottom:0px !important;}.stk-c4c5927-column{--stk-column-gap:35px !important;row-gap:60px !important;}<\/style><div class=\"stk-row stk-inner-blocks has-text-align-center-tablet stk--block-align-c4c5927 stk-block-content stk-content-align stk-c4c5927-column\">\n<div class=\"wp-block-stackable-column stk-block-column stk-column stk-block stk-adc88c6\" data-v=\"4\" data-block-id=\"adc88c6\"><style>.stk-adc88c6-container{margin-top:0px !important;margin-right:0px !important;margin-bottom:0px !important;margin-left:0px !important;}.stk-adc88c6 {padding-right:30px !important;padding-left:30px !important;}@media screen and (min-width:690px){.stk-adc88c6 {flex:var(--stk-flex-grow, 1) 1 calc(56.8% - var(--stk-column-gap, 0px) * 1 \/ 2 ) !important;}}@media screen and (min-width:690px) and (max-width:999px){.stk-adc88c6 {flex:var(--stk-flex-grow, 1) 1 calc(100% - var(--stk-column-gap, 0px) * 0 \/ 1 ) !important;}}@media screen and (max-width:999px){.stk-adc88c6 {padding-top:0px !important;padding-right:0px !important;padding-bottom:0px !important;padding-left:0px !important;}}<\/style><div class=\"stk-column-wrapper stk-block-column__content stk-container stk-adc88c6-container stk--no-background stk--no-padding\"><div class=\"stk-block-content stk-inner-blocks stk-adc88c6-inner-blocks\">\n<div class=\"wp-block-stackable-heading stk-block-heading stk-block-heading--v2 stk-block stk-474cdea\" id=\"oravareitin-lumoa-nyt-myos-pyoraillen\" data-block-id=\"474cdea\"><style>.stk-474cdea {margin-bottom:20px !important;}.stk-474cdea .stk-block-heading__text{line-height:1.2em !important;}<\/style><h2 class=\"stk-block-heading__text stk-block-heading--use-theme-margins\">You can now also experience the picturesque Squirrel Route on a bike<\/h2><\/div>\n\n\n\n<p>Why not hop on a bike and cycle from one rest stop to another along a signposted cycling route?\nThe full-service route also enables you to canoe some sections and cycle the rest.<\/p>\n\n\n\n<p>The family-friendly Squirrel Route, which runs across typical South Savo landscapes, with their lakes, forests, fields, meadows and numerous visitor attractions, can now also be experienced on a bike!\nThe signposted cycling route, which runs between Juva and Sulkava and makes use of the canoeing route\u2019s rest stops, was opened in 2022.\nYou can recognise the route from the familiar squirrel logo, this time on a bike.&nbsp;<\/p>\n\n\n\n<p>The 46-km route can be cycled in either direction.\nYou can complete your adventure in the great outdoors by combining canoeing with your cycling trip, as Juva Camping and Sulkava\u2019s Oravanpes\u00e4t offer equipment hire and transport services, making it easy and affordable to get to any route location. <\/p>\n\n\n\n<p>Majoitustarjontaa l\u00f6ytyy huviloista kes\u00e4m\u00f6kkeihin ja lomahuoneistoista leirint\u00e4alueen palveluihin. E-fatbikevuokraus onnistuu k\u00e4tev\u00e4sti Juva Campingin kautta, saunael\u00e4mykset ja ruokailupalvelut j\u00e4rjestyv\u00e4t suuremmallekin seurueelle.\u00a0\u00a0<\/p>\n\n\n\n<p>Build an activity package that suits you best and hop on a saddle!&nbsp;<\/p>\n\n\n\n<div class=\"wp-block-stackable-button-group stk-block-button-group stk-block stk-9c3e26e\" data-block-id=\"9c3e26e\"><div class=\"stk-row stk-inner-blocks stk-block-content stk-button-group\">\n<div class=\"wp-block-stackable-button stk-block-button stk-block stk-5f51575\" data-block-id=\"5f51575\"><style>.stk-5f51575 .stk-button{padding-top:15px !important;padding-right:40px !important;padding-bottom:15px !important;padding-left:40px !important;background:var(u002du002dtheme-palette-color-4, #0a0500) !important;border-radius:3px !important;}.stk-5f51575 .stk-button__inner-text{font-size:1.15em !important;color:var(u002du002dtheme-palette-color-8, #ffffff) !important;}@media screen and (max-width:999px){.stk-5f51575 .stk-button__inner-text{font-size:1.15em !important;}}<\/style><a class=\"stk-link stk-button stk--hover-effect-darken\" href=\"\/en\/melonta\/reittikartta\/\" target=\"_blank\" rel=\"noreferrer noopener\"><span class=\"has-text-color has-palette-color-8-color stk-button__inner-text\">Route Map<\/span><\/a><\/div>\n<\/div><\/div>\n<\/div><\/div><\/div>\n\n\n\n<div class=\"wp-block-stackable-column stk-block-column stk-column stk-block stk-aaf56fc\" data-v=\"4\" data-block-id=\"aaf56fc\"><style>.stk-aaf56fc-container{margin-top:0px !important;margin-right:0px !important;margin-bottom:0px !important;margin-left:0px !important;}@media screen and (min-width:690px){.stk-aaf56fc {flex:var(--stk-flex-grow, 1) 1 calc(43.2% - var(--stk-column-gap, 0px) * 1 \/ 2 ) !important;}}@media screen and (min-width:690px) and (max-width:999px){.stk-aaf56fc {flex:var(--stk-flex-grow, 1) 1 calc(100% - var(--stk-column-gap, 0px) * 0 \/ 1 ) !important;}}@media screen and (max-width:689px){.stk-aaf56fc {flex:var(--stk-flex-grow, 1) 1 calc(100% - var(--stk-column-gap, 0px) * 1 \/ 2 ) !important;}}<\/style><div class=\"stk-column-wrapper stk-block-column__content stk-container stk-aaf56fc-container stk--no-background stk--no-padding\"><div class=\"stk-block-content stk-inner-blocks stk-aaf56fc-inner-blocks\">\n<div class=\"wp-block-stackable-image stk-block-image stk-block stk-ef84e36\" data-block-id=\"ef84e36\"><figure><span class=\"stk-img-wrapper stk-image--shape-stretch\"><img loading=\"lazy\" decoding=\"async\" class=\"stk-img wp-image-1136\" src=\"http:\/\/www.oravareitti.fi\/wp-content\/uploads\/2023\/04\/pyoraily-nelio.jpg\" width=\"1476\" height=\"1365\" srcset=\"https:\/\/www.oravareitti.fi\/wp-content\/uploads\/2023\/04\/pyoraily-nelio.jpg 1476w, https:\/\/www.oravareitti.fi\/wp-content\/uploads\/2023\/04\/pyoraily-nelio-300x277.jpg 300w, https:\/\/www.oravareitti.fi\/wp-content\/uploads\/2023\/04\/pyoraily-nelio-1024x947.jpg 1024w, https:\/\/www.oravareitti.fi\/wp-content\/uploads\/2023\/04\/pyoraily-nelio-768x710.jpg 768w\" sizes=\"auto, (max-width: 1476px) 100vw, 1476px\" \/><\/span><\/figure><\/div>\n\n\n\n<div class=\"wp-block-getwid-image-box has-image-left has-text-center has-mobile-layout-default has-mobile-alignment-default\"><div class=\"wp-block-getwid-image-box__image-container is-position-top\"><div class=\"wp-block-getwid-image-box__image-wrapper\"><img loading=\"lazy\" decoding=\"async\" width=\"300\" height=\"262\" src=\"http:\/\/www.oravareitti.fi\/wp-content\/uploads\/2023\/04\/oravapyoraily-1000-300x262.png\" class=\"wp-block-getwid-image-box__image wp-image-1063\" srcset=\"https:\/\/www.oravareitti.fi\/wp-content\/uploads\/2023\/04\/oravapyoraily-1000-300x262.png 300w, https:\/\/www.oravareitti.fi\/wp-content\/uploads\/2023\/04\/oravapyoraily-1000-768x670.png 768w, https:\/\/www.oravareitti.fi\/wp-content\/uploads\/2023\/04\/oravapyoraily-1000.png 1000w\" sizes=\"auto, (max-width: 300px) 100vw, 300px\" \/><\/div><\/div><div class=\"wp-block-getwid-image-box__content\">\n<h5 class=\"wp-block-heading\">You can recognise the route from the familiar squirrel logo, this time on a bike.<\/h5>\n\n\n\n<p><\/p>\n<\/div><\/div>\n<\/div><\/div><\/div>\n<\/div><\/div>\n\n\n\n<div style=\"height:71px\" aria-hidden=\"true\" class=\"wp-block-spacer\"><\/div>\n\n\n\n<script type=\"text\/javascript\" src=\"https:\/\/www.outdooractive.com\/fi\/embed\/800350970\/js?mw=false\"><\/script>","protected":false},"excerpt":{"rendered":"<p>Juva-Sulkava py\u00f6r\u00e4ily\u00adreitti UUTUUS! 46 km pituinen keskivaativa reitti Oravareitin lumoa nyt my\u00f6s py\u00f6r\u00e4illen Kulje Oravareitti\u00e4 vaihteeksi py\u00f6r\u00e4n satulasta ja polje taukopaikalta toiselle, maastoon merkityn py\u00f6r\u00e4ilyreitin kulkua seuraten. Halutessasi voit my\u00f6s meloa osan matkaa ja py\u00f6r\u00e4ill\u00e4 loput &#8211; t\u00e4yden palvelun reitill\u00e4 t\u00e4m\u00e4kin onnistuu! Koko perheen melontareitti Oravareitin etel\u00e4savolaisen j\u00e4rviluonnon, humisevien metsien, peltojen ja niittyjen kirjoman kulttuurimaiseman [&hellip;]<\/p>\n","protected":false},"author":2,"featured_media":1135,"parent":0,"menu_order":10,"comment_status":"closed","ping_status":"closed","template":"","meta":{"footnotes":""},"class_list":["post-750","page","type-page","status-publish","has-post-thumbnail","hentry"],"blocksy_meta":{"page_title_panel":"","has_hero_section":"disabled","b5eab4b45fc993c35f414f196001c1b3":"","hero_section":"type-1","hero_elements":[{"id":"custom_title","enabled":true,"heading_tag":"h1","title":"Home"},{"id":"custom_description","enabled":true,"description_visibility":{"desktop":true,"tablet":true,"mobile":false}},{"id":"custom_meta","enabled":false,"meta_elements":[{"id":"author","enabled":true,"label":"By","has_author_avatar":"yes","avatar_size":25},{"id":"post_date","enabled":true,"label":"On","date_format_source":"default","date_format":"M j, Y"},{"id":"updated_date","enabled":false,"label":"On","date_format_source":"default","date_format":"M j, Y"},{"id":"categories","enabled":false,"label":"In","style":"simple"},{"id":"comments","enabled":true}],"page_meta_elements":{"joined":true,"articles_count":true,"comments":true}},{"id":"breadcrumbs","enabled":false}],"76f4d01deefcea6e36539ad1e0b44d7b":"","hero_alignment1":"CT_CSS_SKIP_RULE","hero_margin":40,"hero_alignment2":"center","hero_vertical_alignment":"center","0949b4a7e32105b1f86c9539ab4f63fe":"","hero_structure":"narrow","8b5cdd064d547fd8f2f567b9e5031f2c":"","page_title_bg_type":"featured_image","custom_hero_background":{"attachment_id":null},"parallax":{"desktop":false,"tablet":false,"mobile":false},"b8535cf0316ce12df016fa4a68ddf005":"","hero_height":"250px","pageTitleFont":{"family":"Default","variation":"Default","size":"30px","line-height":"CT_CSS_SKIP_RULE","letter-spacing":"CT_CSS_SKIP_RULE","text-transform":"CT_CSS_SKIP_RULE","text-decoration":"CT_CSS_SKIP_RULE"},"pageTitleFontColor":{"default":{"color":"CT_CSS_SKIP_RULEDEFAULT"}},"pageMetaFont":{"family":"Default","variation":"n6","size":"12px","line-height":"1.3","letter-spacing":"CT_CSS_SKIP_RULE","text-transform":"uppercase","text-decoration":"CT_CSS_SKIP_RULE"},"pageMetaFontColor":{"default":{"color":"CT_CSS_SKIP_RULEDEFAULT"},"hover":{"color":"CT_CSS_SKIP_RULEDEFAULT"}},"page_meta_button_type_font_colors":{"default":{"color":"CT_CSS_SKIP_RULEDEFAULT"},"hover":{"color":"CT_CSS_SKIP_RULEDEFAULT"}},"page_meta_button_type_background_colors":{"default":{"color":"CT_CSS_SKIP_RULEDEFAULT"},"hover":{"color":"CT_CSS_SKIP_RULEDEFAULT"}},"pageExcerptFont":{"family":"Default","variation":"Default","size":"CT_CSS_SKIP_RULE","line-height":"CT_CSS_SKIP_RULE","letter-spacing":"CT_CSS_SKIP_RULE","text-transform":"CT_CSS_SKIP_RULE","text-decoration":"CT_CSS_SKIP_RULE"},"pageExcerptColor":{"default":{"color":"CT_CSS_SKIP_RULEDEFAULT"}},"breadcrumbsFont":{"family":"Default","variation":"Default","size":"CT_CSS_SKIP_RULE","line-height":"CT_CSS_SKIP_RULE","letter-spacing":"CT_CSS_SKIP_RULE","text-transform":"CT_CSS_SKIP_RULE","text-decoration":"CT_CSS_SKIP_RULE"},"breadcrumbsFontColor":{"default":{"color":"CT_CSS_SKIP_RULEDEFAULT"},"initial":{"color":"CT_CSS_SKIP_RULEDEFAULT"},"hover":{"color":"CT_CSS_SKIP_RULEDEFAULT"}},"pageTitleOverlay":{"background_type":"color","background_pattern":"type-1","background_image":{"attachment_id":null,"x":0,"y":0},"gradient":"linear-gradient(135deg,rgba(6,147,227,1) 0%,rgb(155,81,224) 100%)","background_repeat":"repeat","background_size":"auto","background_attachment":"scroll","patternColor":{"default":{"color":"#e5e7ea"}},"overlayColor":{"default":{"color":"CT_CSS_SKIP_RULE"}},"backgroundColor":{"default":{"color":"CT_CSS_SKIP_RULE"}}},"pageTitleBackground":{"background_type":"color","background_pattern":"type-1","background_image":{"attachment_id":null,"x":0,"y":0},"gradient":"linear-gradient(135deg,rgba(6,147,227,1) 0%,rgb(155,81,224) 100%)","background_repeat":"repeat","background_size":"auto","background_attachment":"scroll","patternColor":{"default":{"color":"#e5e7ea"}},"overlayColor":{"default":{"color":"CT_CSS_SKIP_RULE"}},"backgroundColor":{"default":{"color":"var(--theme-palette-color-6)"}}},"pageTitlePadding":{"top":"50px","bottom":"50px","left":"auto","right":"auto","linked":true},"eba25506a86953c395b61aeb80c3ca2d":"","page_structure_type":"default","653fd0425713646e5318053e5570eeb1":"","content_style_source":"inherit","content_style":"wide","vertical_spacing_source":"custom","content_area_spacing":"none","background":{"background_type":"color","background_pattern":"type-1","background_image":{"attachment_id":null,"x":0,"y":0},"gradient":"linear-gradient(135deg,rgba(6,147,227,1) 0%,rgb(155,81,224) 100%)","background_repeat":"repeat","background_size":"auto","background_attachment":"scroll","patternColor":{"default":{"color":"#e5e7ea"}},"overlayColor":{"default":{"color":"CT_CSS_SKIP_RULE"}},"backgroundColor":{"default":{"color":"CT_CSS_SKIP_RULE"}}},"content_background":{"background_type":"color","background_pattern":"type-1","background_image":{"attachment_id":null,"x":0,"y":0},"gradient":"linear-gradient(135deg,rgba(6,147,227,1) 0%,rgb(155,81,224) 100%)","background_repeat":"repeat","background_size":"auto","background_attachment":"scroll","patternColor":{"default":{"color":"#e5e7ea"}},"overlayColor":{"default":{"color":"CT_CSS_SKIP_RULE"}},"backgroundColor":{"default":{"color":"var(--theme-palette-color-8)"}}},"content_boxed_shadow":{"inherit":false,"blur":18,"spread":-6,"v_offset":12,"h_offset":0,"inset":false,"enable":true,"color":{"color":"rgba(34, 56, 101, 0.04)"}},"boxed_content_spacing":{"desktop":{"top":"40px","bottom":"40px","left":"40px","right":"40px","linked":true},"tablet":{"top":"35px","bottom":"35px","left":"35px","right":"35px","linked":true},"mobile":{"top":"20px","bottom":"20px","left":"20px","right":"20px","linked":true}},"content_boxed_radius":{"top":"3px","bottom":"3px","left":"3px","right":"3px","linked":true},"7992791a59a9cb710c125115fbd410b3":"","disable_featured_image":"no","disable_share_box":"no","disable_header":"no","disable_footer":"no","styles_descriptor":{"styles":{"desktop":"","tablet":"","mobile":""},"google_fonts":[],"version":6}},"_links":{"self":[{"href":"https:\/\/www.oravareitti.fi\/en\/wp-json\/wp\/v2\/pages\/750","targetHints":{"allow":["GET"]}}],"collection":[{"href":"https:\/\/www.oravareitti.fi\/en\/wp-json\/wp\/v2\/pages"}],"about":[{"href":"https:\/\/www.oravareitti.fi\/en\/wp-json\/wp\/v2\/types\/page"}],"author":[{"embeddable":true,"href":"https:\/\/www.oravareitti.fi\/en\/wp-json\/wp\/v2\/users\/2"}],"replies":[{"embeddable":true,"href":"https:\/\/www.oravareitti.fi\/en\/wp-json\/wp\/v2\/comments?post=750"}],"version-history":[{"count":21,"href":"https:\/\/www.oravareitti.fi\/en\/wp-json\/wp\/v2\/pages\/750\/revisions"}],"predecessor-version":[{"id":1487,"href":"https:\/\/www.oravareitti.fi\/en\/wp-json\/wp\/v2\/pages\/750\/revisions\/1487"}],"wp:featuredmedia":[{"embeddable":true,"href":"https:\/\/www.oravareitti.fi\/en\/wp-json\/wp\/v2\/media\/1135"}],"wp:attachment":[{"href":"https:\/\/www.oravareitti.fi\/en\/wp-json\/wp\/v2\/media?parent=750"}],"curies":[{"name":"wp","href":"https:\/\/api.w.org\/{rel}","templated":true}]}}