{"id":999,"date":"2023-04-05T21:51:19","date_gmt":"2023-04-05T21:51:19","guid":{"rendered":"http:\/\/www.oravareitti.fi\/?page_id=999"},"modified":"2023-06-29T10:09:54","modified_gmt":"2023-06-29T10:09:54","slug":"jokamiehenoikeudet","status":"publish","type":"page","link":"https:\/\/www.oravareitti.fi\/en\/info\/jokamiehenoikeudet\/","title":{"rendered":"Jokaisenoikeudet"},"content":{"rendered":"<div class=\"wp-block-stackable-columns alignfull stk-block-columns stk-block stk-cf247fd stk-block-background stk--has-background-overlay\" data-block-id=\"cf247fd\"><style>.stk-cf247fd{background-color:var(u002du002dtheme-palette-color-5,#EBEBEB) !important;background-image:url(http:\/\/www.oravareitti.fi\/wp-content\/uploads\/2023\/04\/Jokamiehenoikeudet.jpg) !important;background-position:center center !important;padding-top:310px !important;padding-right:35px !important;padding-bottom:180px !important;padding-left:35px !important;margin-bottom:0px !important}.stk-cf247fd:before{background-color:var(u002du002dtheme-palette-color-5,#EBEBEB) !important;opacity:0 !important}@media screen and (max-width:999px){.stk-cf247fd{padding-top:210px !important;padding-bottom:140px !important}}<\/style><div class=\"stk-row stk-inner-blocks has-text-align-center stk-block-content stk-content-align stk-cf247fd-column\">\n<div class=\"wp-block-stackable-column stk-block-column stk-column stk-block stk-1d93b9f\" data-v=\"4\" data-block-id=\"1d93b9f\"><style>.stk-1d93b9f-container{margin-top:0px !important;margin-right:0px !important;margin-bottom:0px !important;margin-left:0px !important}<\/style><div class=\"stk-column-wrapper stk-block-column__content stk-container stk-1d93b9f-container stk--no-background stk--no-padding\"><div class=\"stk-block-content stk-inner-blocks stk-1d93b9f-inner-blocks\">\n<div class=\"wp-block-stackable-heading stk-block-heading stk-block-heading--v2 stk-block stk-436ce8b\" id=\"jokaisenoikeudet\" data-block-id=\"436ce8b\"><style>.stk-436ce8b{margin-bottom:20px !important}.stk-436ce8b .stk-block-heading__text{font-size:70px !important;color:var(u002du002dtheme-palette-color-8,#ffffff) !important;line-height:1em !important;font-weight:800 !important}@media screen and (max-width:999px){.stk-436ce8b .stk-block-heading__text{font-size:50px !important}}<\/style><h2 class=\"stk-block-heading__text has-text-color has-palette-color-8-color\">Jokaisenoikeudet<\/h2><\/div>\n\n\n\n<div class=\"wp-block-stackable-heading stk-block-heading stk-block-heading--v2 stk-block stk-ad51fb0\" id=\"muistathan-jokaisenoikeudet-myos-oravareitilla-liikkuessasi\" data-block-id=\"ad51fb0\"><style>.stk-ad51fb0{max-width:59% !important;margin-right:auto !important;margin-left:auto !important}.stk-ad51fb0 .stk-block-heading__text{color:var(u002du002dtheme-palette-color-8,#ffffff) !important}@media screen and (max-width:999px){.stk-ad51fb0{max-width:100% !important}}<\/style><h3 class=\"stk-block-heading__text has-text-color has-palette-color-8-color\">Muistathan Jokaisenoikeudet my\u00f6s Oravareitill\u00e4 liikkuessasi<\/h3><\/div>\n<\/div><\/div><\/div>\n<\/div><\/div>\n\n\n\n<div style=\"height:71px\" aria-hidden=\"true\" class=\"wp-block-spacer\"><\/div>\n\n\n\n<p>Jokaisenoikeudet takaavat kaikille Suomessa oleskeleville oikeuden nauttia ja k\u00e4ytt\u00e4\u00e4 luontoa riiippumatta siit\u00e4, kuka omistaa alueen tai on sen haltija. Jokaisenoikeuksista nauttimiseen ei tarvita maanomistajan lupaa eik\u00e4 siit\u00e4 tarvitse maksaa. Jokaisenoikeuksia k\u00e4ytt\u00e4m\u00e4ll\u00e4 ei kuitenkaan saa aiheuttaa haittaa tai h\u00e4iri\u00f6t\u00e4. Jokaisenoikeudet ovat yleisesti hyv\u00e4ksytty maan tapa, ja ne perustuvat eri lakeihin. Jokaisenoikeudet koskevat my\u00f6s ulkomaalaisia.<\/p>\n\n\n\n<div style=\"height:71px\" aria-hidden=\"true\" class=\"wp-block-spacer\"><\/div>\n\n\n\n<div class=\"wp-block-stackable-columns stk-block-columns stk-block stk-c20b73f\" data-block-id=\"c20b73f\"><div class=\"stk-row stk-inner-blocks stk-block-content stk-content-align stk-c20b73f-column\">\n<div class=\"wp-block-stackable-column stk-block-column stk-column stk-block stk-1c715d1\" data-v=\"4\" data-block-id=\"1c715d1\"><style>@media screen and (min-width:690px){.stk-1c715d1{flex:1 1 calc(50% - var(--stk-column-gap,0px) * 1 \/ 2 ) !important}}<\/style><div class=\"stk-column-wrapper stk-block-column__content stk-container stk-1c715d1-container stk--no-background stk--no-padding\"><div class=\"stk-block-content stk-inner-blocks stk-1c715d1-inner-blocks\">\n<div class=\"wp-block-stackable-icon-label stk-block-icon-label stk-block stk-7aa405e\" data-block-id=\"7aa405e\"><div class=\"stk-row stk-inner-blocks stk-block-content\">\n<div class=\"wp-block-stackable-icon stk-block-icon has-text-align-left stk-block stk-89115e7\" data-block-id=\"89115e7\"><style>.stk-89115e7 .stk--svg-wrapper .stk--inner-svg svg:last-child,.stk-89115e7 .stk--svg-wrapper .stk--inner-svg svg:last-child :is(g,path,rect,polygon,ellipse){fill:var(--theme-palette-color-1,#48bca2) !important}<\/style><span class=\"stk--svg-wrapper\"><div class=\"stk--inner-svg\"><svg style=\"height:0;width:0\"><defs><lineargradient id=\"linear-gradient-89115e7\" x1=\"0\" x2=\"100%\" y1=\"0\" y2=\"0\"><stop offset=\"0%\" style=\"stop-opacity:1;stop-color:var(--linear-gradient-89115-e-7-color-1)\"><\/stop><stop offset=\"100%\" style=\"stop-opacity:1;stop-color:var(--linear-gradient-89115-e-7-color-2)\"><\/stop><\/lineargradient><\/defs><\/svg><svg aria-hidden=\"true\" focusable=\"false\" data-prefix=\"fas\" data-icon=\"check\" class=\"svg-inline--fa fa-check fa-w-16\" xmlns=\"http:\/\/www.w3.org\/2000\/svg\" viewbox=\"0 0 512 512\" width=\"32\" height=\"32\"><path fill=\"currentColor\" d=\"M173.898 439.404l-166.4-166.4c-9.997-9.997-9.997-26.206 0-36.204l36.203-36.204c9.997-9.998 26.207-9.998 36.204 0L192 312.69 432.095 72.596c9.997-9.997 26.207-9.997 36.204 0l36.203 36.204c9.997 9.997 9.997 26.206 0 36.204l-294.4 294.401c-9.998 9.997-26.207 9.997-36.204-.001z\"><\/path><\/svg><\/div><\/span><\/div>\n\n\n\n<div class=\"wp-block-stackable-heading stk-block-heading stk-block-heading--v2 stk-block stk-14448c0\" id=\"saat\" data-block-id=\"14448c0\"><h4 class=\"stk-block-heading__text\">Everyone may:<\/h4><\/div>\n<\/div><\/div>\n\n\n\n<ul class=\"wp-block-list\">\n<li>Walk, ski or cycle freely in the countryside, except in gardens, in the immediate vicinity of people\u2019s homes, and in fields and plantations which could easily be damaged stay or set up camp temporarily in the countryside, a reasonable distance from homes.<\/li>\n\n\n\n<li>Walk, ski and fish on frozen lakes, rivers and the sea.<\/li>\n\n\n\n<li>Pick wild berries, mushrooms and flowers, as long as they are not protected species.<\/li>\n\n\n\n<li>Fish with a rod and line. Row, sail or use a motorboat on waterways, with certain restrictions; swim or wash in inland waters and the sea.<\/li>\n<\/ul>\n<\/div><\/div><\/div>\n\n\n\n<div class=\"wp-block-stackable-column stk-block-column stk-column stk-block stk-ac3d9bd\" data-v=\"4\" data-block-id=\"ac3d9bd\"><style>@media screen and (min-width:690px){.stk-ac3d9bd{flex:1 1 calc(50% - var(--stk-column-gap,0px) * 1 \/ 2 ) !important}}<\/style><div class=\"stk-column-wrapper stk-block-column__content stk-container stk-ac3d9bd-container stk--no-background stk--no-padding\"><div class=\"stk-block-content stk-inner-blocks stk-ac3d9bd-inner-blocks\">\n<div class=\"wp-block-stackable-icon-label stk-block-icon-label stk-block stk-f121a28\" data-block-id=\"f121a28\"><div class=\"stk-row stk-inner-blocks stk-block-content\">\n<div class=\"wp-block-stackable-icon stk-block-icon has-text-align-left stk-block stk-7935804\" data-block-id=\"7935804\"><style>.stk-7935804 .stk--svg-wrapper .stk--inner-svg svg:last-child,.stk-7935804 .stk--svg-wrapper .stk--inner-svg svg:last-child :is(g,path,rect,polygon,ellipse){fill:#ff0000 !important}<\/style><span class=\"stk--svg-wrapper\"><div class=\"stk--inner-svg\"><svg style=\"height:0;width:0\"><defs><lineargradient id=\"linear-gradient-7935804\" x1=\"0\" x2=\"100%\" y1=\"0\" y2=\"0\"><stop offset=\"0%\" style=\"stop-opacity:1;stop-color:var(--linear-gradient-7935804-color-1)\"><\/stop><stop offset=\"100%\" style=\"stop-opacity:1;stop-color:var(--linear-gradient-7935804-color-2)\"><\/stop><\/lineargradient><\/defs><\/svg><svg aria-hidden=\"true\" focusable=\"false\" data-prefix=\"fas\" data-icon=\"times\" class=\"svg-inline--fa fa-times fa-w-11\" xmlns=\"http:\/\/www.w3.org\/2000\/svg\" viewbox=\"0 0 352 512\" width=\"32\" height=\"32\"><path fill=\"currentColor\" d=\"M242.72 256l100.07-100.07c12.28-12.28 12.28-32.19 0-44.48l-22.24-22.24c-12.28-12.28-32.19-12.28-44.48 0L176 189.28 75.93 89.21c-12.28-12.28-32.19-12.28-44.48 0L9.21 111.45c-12.28 12.28-12.28 32.19 0 44.48L109.28 256 9.21 356.07c-12.28 12.28-12.28 32.19 0 44.48l22.24 22.24c12.28 12.28 32.2 12.28 44.48 0L176 322.72l100.07 100.07c12.28 12.28 32.2 12.28 44.48 0l22.24-22.24c12.28-12.28 12.28-32.19 0-44.48L242.72 256z\"><\/path><\/svg><\/div><\/span><\/div>\n\n\n\n<div class=\"wp-block-stackable-heading stk-block-heading stk-block-heading--v2 stk-block stk-2b48d30\" id=\"et-saa\" data-block-id=\"2b48d30\"><h4 class=\"stk-block-heading__text\">You may not:<\/h4><\/div>\n<\/div><\/div>\n\n\n\n<ul class=\"wp-block-list\">\n<li>Disturb other people or damage property.<\/li>\n\n\n\n<li>Disturb breeding birds, or their nests or young.<\/li>\n\n\n\n<li>Disturb reindeer or game animals.<\/li>\n\n\n\n<li>Cut down or damage living trees, or collect wood, moss or lichen on other people\u2019s property.<\/li>\n\n\n\n<li>Light open fires on other people\u2019s property, except in an emergency.<\/li>\n\n\n\n<li>Disturb the privacy of people\u2019s homes, by camping too near them, or making too much noise, for example leave litter.<\/li>\n\n\n\n<li>Fish or hunt without the relevant permits.<\/li>\n\n\n\n<li>Drive motor vehicles off road without the landowner\u2019s permission.<\/li>\n<\/ul>\n<\/div><\/div><\/div>\n<\/div><\/div>","protected":false},"excerpt":{"rendered":"<p>Jokaisenoikeudet Muistathan Jokaisenoikeudet my\u00f6s Oravareitill\u00e4 liikkuessasi Jokaisenoikeudet takaavat kaikille Suomessa oleskeleville oikeuden nauttia ja k\u00e4ytt\u00e4\u00e4 luontoa riiippumatta siit\u00e4, kuka omistaa alueen tai on sen haltija. Jokaisenoikeuksista nauttimiseen ei tarvita maanomistajan lupaa eik\u00e4 siit\u00e4 tarvitse maksaa. Jokaisenoikeuksia k\u00e4ytt\u00e4m\u00e4ll\u00e4 ei kuitenkaan saa aiheuttaa haittaa tai h\u00e4iri\u00f6t\u00e4. Jokaisenoikeudet ovat yleisesti hyv\u00e4ksytty maan tapa, ja ne perustuvat eri lakeihin. [&hellip;]<\/p>\n","protected":false},"author":2,"featured_media":674,"parent":955,"menu_order":8,"comment_status":"closed","ping_status":"closed","template":"","meta":{"footnotes":""},"class_list":["post-999","page","type-page","status-publish","has-post-thumbnail","hentry"],"blocksy_meta":{"page_title_panel":"","has_hero_section":"disabled","b5eab4b45fc993c35f414f196001c1b3":"","hero_section":"type-1","hero_elements":[{"id":"custom_title","enabled":true,"heading_tag":"h1","title":"Home"},{"id":"custom_description","enabled":true,"description_visibility":{"desktop":true,"tablet":true,"mobile":false}},{"id":"custom_meta","enabled":false,"meta_elements":[{"id":"author","enabled":true,"label":"By","has_author_avatar":"yes","avatar_size":25},{"id":"post_date","enabled":true,"label":"On","date_format_source":"default","date_format":"M j, Y"},{"id":"updated_date","enabled":false,"label":"On","date_format_source":"default","date_format":"M j, Y"},{"id":"categories","enabled":false,"label":"In","style":"simple"},{"id":"comments","enabled":true}],"page_meta_elements":{"joined":true,"articles_count":true,"comments":true}},{"id":"breadcrumbs","enabled":false}],"76f4d01deefcea6e36539ad1e0b44d7b":"","hero_alignment1":"CT_CSS_SKIP_RULE","hero_margin":40,"hero_alignment2":"center","hero_vertical_alignment":"center","0949b4a7e32105b1f86c9539ab4f63fe":"","hero_structure":"narrow","8b5cdd064d547fd8f2f567b9e5031f2c":"","page_title_bg_type":"featured_image","custom_hero_background":{"attachment_id":null},"parallax":{"desktop":false,"tablet":false,"mobile":false},"b8535cf0316ce12df016fa4a68ddf005":"","hero_height":"250px","pageTitleFont":{"family":"Default","variation":"Default","size":"30px","line-height":"CT_CSS_SKIP_RULE","letter-spacing":"CT_CSS_SKIP_RULE","text-transform":"CT_CSS_SKIP_RULE","text-decoration":"CT_CSS_SKIP_RULE"},"pageTitleFontColor":{"default":{"color":"CT_CSS_SKIP_RULEDEFAULT"}},"pageMetaFont":{"family":"Default","variation":"n6","size":"12px","line-height":"1.3","letter-spacing":"CT_CSS_SKIP_RULE","text-transform":"uppercase","text-decoration":"CT_CSS_SKIP_RULE"},"pageMetaFontColor":{"default":{"color":"CT_CSS_SKIP_RULEDEFAULT"},"hover":{"color":"CT_CSS_SKIP_RULEDEFAULT"}},"page_meta_button_type_font_colors":{"default":{"color":"CT_CSS_SKIP_RULEDEFAULT"},"hover":{"color":"CT_CSS_SKIP_RULEDEFAULT"}},"page_meta_button_type_background_colors":{"default":{"color":"CT_CSS_SKIP_RULEDEFAULT"},"hover":{"color":"CT_CSS_SKIP_RULEDEFAULT"}},"pageExcerptFont":{"family":"Default","variation":"Default","size":"CT_CSS_SKIP_RULE","line-height":"CT_CSS_SKIP_RULE","letter-spacing":"CT_CSS_SKIP_RULE","text-transform":"CT_CSS_SKIP_RULE","text-decoration":"CT_CSS_SKIP_RULE"},"pageExcerptColor":{"default":{"color":"CT_CSS_SKIP_RULEDEFAULT"}},"breadcrumbsFont":{"family":"Default","variation":"Default","size":"CT_CSS_SKIP_RULE","line-height":"CT_CSS_SKIP_RULE","letter-spacing":"CT_CSS_SKIP_RULE","text-transform":"CT_CSS_SKIP_RULE","text-decoration":"CT_CSS_SKIP_RULE"},"breadcrumbsFontColor":{"default":{"color":"CT_CSS_SKIP_RULEDEFAULT"},"initial":{"color":"CT_CSS_SKIP_RULEDEFAULT"},"hover":{"color":"CT_CSS_SKIP_RULEDEFAULT"}},"pageTitleOverlay":{"background_type":"color","background_pattern":"type-1","background_image":{"attachment_id":null,"x":0,"y":0},"gradient":"linear-gradient(135deg,rgba(6,147,227,1) 0%,rgb(155,81,224) 100%)","background_repeat":"repeat","background_size":"auto","background_attachment":"scroll","patternColor":{"default":{"color":"#e5e7ea"}},"overlayColor":{"default":{"color":"CT_CSS_SKIP_RULE"}},"backgroundColor":{"default":{"color":"CT_CSS_SKIP_RULE"}}},"pageTitleBackground":{"background_type":"color","background_pattern":"type-1","background_image":{"attachment_id":null,"x":0,"y":0},"gradient":"linear-gradient(135deg,rgba(6,147,227,1) 0%,rgb(155,81,224) 100%)","background_repeat":"repeat","background_size":"auto","background_attachment":"scroll","patternColor":{"default":{"color":"#e5e7ea"}},"overlayColor":{"default":{"color":"CT_CSS_SKIP_RULE"}},"backgroundColor":{"default":{"color":"var(--theme-palette-color-6)"}}},"pageTitlePadding":{"top":"50px","bottom":"50px","left":"auto","right":"auto","linked":true},"eba25506a86953c395b61aeb80c3ca2d":"","page_structure_type":"default","653fd0425713646e5318053e5570eeb1":"","content_style_source":"inherit","content_style":"wide","vertical_spacing_source":"custom","content_area_spacing":"none","background":{"background_type":"color","background_pattern":"type-1","background_image":{"attachment_id":null,"x":0,"y":0},"gradient":"linear-gradient(135deg,rgba(6,147,227,1) 0%,rgb(155,81,224) 100%)","background_repeat":"repeat","background_size":"auto","background_attachment":"scroll","patternColor":{"default":{"color":"#e5e7ea"}},"overlayColor":{"default":{"color":"CT_CSS_SKIP_RULE"}},"backgroundColor":{"default":{"color":"CT_CSS_SKIP_RULE"}}},"content_background":{"background_type":"color","background_pattern":"type-1","background_image":{"attachment_id":null,"x":0,"y":0},"gradient":"linear-gradient(135deg,rgba(6,147,227,1) 0%,rgb(155,81,224) 100%)","background_repeat":"repeat","background_size":"auto","background_attachment":"scroll","patternColor":{"default":{"color":"#e5e7ea"}},"overlayColor":{"default":{"color":"CT_CSS_SKIP_RULE"}},"backgroundColor":{"default":{"color":"var(--theme-palette-color-8)"}}},"content_boxed_shadow":{"inherit":false,"blur":18,"spread":-6,"v_offset":12,"h_offset":0,"inset":false,"enable":true,"color":{"color":"rgba(34, 56, 101, 0.04)"}},"boxed_content_spacing":{"desktop":{"top":"40px","bottom":"40px","left":"40px","right":"40px","linked":true},"tablet":{"top":"35px","bottom":"35px","left":"35px","right":"35px","linked":true},"mobile":{"top":"20px","bottom":"20px","left":"20px","right":"20px","linked":true}},"content_boxed_radius":{"top":"3px","bottom":"3px","left":"3px","right":"3px","linked":true},"7992791a59a9cb710c125115fbd410b3":"","disable_featured_image":"no","disable_share_box":"no","disable_header":"no","disable_footer":"no","styles_descriptor":{"styles":{"desktop":"","tablet":"","mobile":""},"google_fonts":[],"version":6}},"_links":{"self":[{"href":"https:\/\/www.oravareitti.fi\/en\/wp-json\/wp\/v2\/pages\/999","targetHints":{"allow":["GET"]}}],"collection":[{"href":"https:\/\/www.oravareitti.fi\/en\/wp-json\/wp\/v2\/pages"}],"about":[{"href":"https:\/\/www.oravareitti.fi\/en\/wp-json\/wp\/v2\/types\/page"}],"author":[{"embeddable":true,"href":"https:\/\/www.oravareitti.fi\/en\/wp-json\/wp\/v2\/users\/2"}],"replies":[{"embeddable":true,"href":"https:\/\/www.oravareitti.fi\/en\/wp-json\/wp\/v2\/comments?post=999"}],"version-history":[{"count":5,"href":"https:\/\/www.oravareitti.fi\/en\/wp-json\/wp\/v2\/pages\/999\/revisions"}],"predecessor-version":[{"id":1398,"href":"https:\/\/www.oravareitti.fi\/en\/wp-json\/wp\/v2\/pages\/999\/revisions\/1398"}],"up":[{"embeddable":true,"href":"https:\/\/www.oravareitti.fi\/en\/wp-json\/wp\/v2\/pages\/955"}],"wp:featuredmedia":[{"embeddable":true,"href":"https:\/\/www.oravareitti.fi\/en\/wp-json\/wp\/v2\/media\/674"}],"wp:attachment":[{"href":"https:\/\/www.oravareitti.fi\/en\/wp-json\/wp\/v2\/media?parent=999"}],"curies":[{"name":"wp","href":"https:\/\/api.w.org\/{rel}","templated":true}]}}